{"id":827,"date":"2021-04-17T11:37:25","date_gmt":"2021-04-17T11:37:25","guid":{"rendered":"https:\/\/lanibra.com\/?page_id=827"},"modified":"2026-02-18T17:29:43","modified_gmt":"2026-02-18T17:29:43","slug":"ferrari-portofino","status":"publish","type":"page","link":"https:\/\/lanibra.com\/sl\/ferrari-portofino\/","title":{"rendered":"FERRARI PORTOFINO M"},"content":{"rendered":"<h3>Kabriolet, 620 konjskih mo\u010di, pospe\u0161ek 0-100 km\/h v 3,45 sekunde.<\/h3>\n<div id='gallery-1' class='gallery galleryid-827 gallery-columns-3 gallery-size-thumbnail'><figure class='gallery-item'>\n\t\t\t<div class='gallery-icon landscape'>\n\t\t\t\t<a href='https:\/\/lanibra.com\/wp-content\/uploads\/2026\/01\/1-FERRARI-PORTOFINO-M.jpg'><img width=\"150\" height=\"150\" src=\"https:\/\/lanibra.com\/wp-content\/uploads\/2026\/01\/1-FERRARI-PORTOFINO-M-150x150.jpg\" class=\"attachment-thumbnail size-thumbnail\" alt=\"\" loading=\"lazy\" \/><\/a>\n\t\t\t<\/div><\/figure><figure class='gallery-item'>\n\t\t\t<div class='gallery-icon landscape'>\n\t\t\t\t<a href='https:\/\/lanibra.com\/wp-content\/uploads\/2026\/01\/2-FERRARI-PORTOFINO-M.jpg'><img width=\"150\" height=\"150\" src=\"https:\/\/lanibra.com\/wp-content\/uploads\/2026\/01\/2-FERRARI-PORTOFINO-M-150x150.jpg\" class=\"attachment-thumbnail size-thumbnail\" alt=\"\" loading=\"lazy\" \/><\/a>\n\t\t\t<\/div><\/figure><figure class='gallery-item'>\n\t\t\t<div class='gallery-icon landscape'>\n\t\t\t\t<a href='https:\/\/lanibra.com\/wp-content\/uploads\/2026\/01\/3-FERRARI-PORTOFINO-M.jpg'><img width=\"150\" height=\"150\" src=\"https:\/\/lanibra.com\/wp-content\/uploads\/2026\/01\/3-FERRARI-PORTOFINO-M-150x150.jpg\" class=\"attachment-thumbnail size-thumbnail\" alt=\"\" loading=\"lazy\" \/><\/a>\n\t\t\t<\/div><\/figure><figure class='gallery-item'>\n\t\t\t<div class='gallery-icon landscape'>\n\t\t\t\t<a href='https:\/\/lanibra.com\/wp-content\/uploads\/2026\/01\/4-FERRARI-PORTOFINO-M.jpg'><img width=\"150\" height=\"150\" src=\"https:\/\/lanibra.com\/wp-content\/uploads\/2026\/01\/4-FERRARI-PORTOFINO-M-150x150.jpg\" class=\"attachment-thumbnail size-thumbnail\" alt=\"\" loading=\"lazy\" \/><\/a>\n\t\t\t<\/div><\/figure><figure class='gallery-item'>\n\t\t\t<div class='gallery-icon landscape'>\n\t\t\t\t<a href='https:\/\/lanibra.com\/wp-content\/uploads\/2026\/01\/5-FERRARI-PORTOFINO-M.jpg'><img width=\"150\" height=\"150\" src=\"https:\/\/lanibra.com\/wp-content\/uploads\/2026\/01\/5-FERRARI-PORTOFINO-M-150x150.jpg\" class=\"attachment-thumbnail size-thumbnail\" alt=\"\" loading=\"lazy\" \/><\/a>\n\t\t\t<\/div><\/figure><figure class='gallery-item'>\n\t\t\t<div class='gallery-icon landscape'>\n\t\t\t\t<a href='https:\/\/lanibra.com\/wp-content\/uploads\/2026\/01\/6-scaled.jpg'><img width=\"150\" height=\"150\" src=\"https:\/\/lanibra.com\/wp-content\/uploads\/2026\/01\/6-150x150.jpg\" class=\"attachment-thumbnail size-thumbnail\" alt=\"\" loading=\"lazy\" \/><\/a>\n\t\t\t<\/div><\/figure><figure class='gallery-item'>\n\t\t\t<div class='gallery-icon landscape'>\n\t\t\t\t<a href='https:\/\/lanibra.com\/wp-content\/uploads\/2026\/01\/1-FERRARI-POROFINO-M-OBDELANA-scaled.jpg'><img width=\"150\" height=\"150\" src=\"https:\/\/lanibra.com\/wp-content\/uploads\/2026\/01\/1-FERRARI-POROFINO-M-OBDELANA-150x150.jpg\" class=\"attachment-thumbnail size-thumbnail\" alt=\"\" loading=\"lazy\" \/><\/a>\n\t\t\t<\/div><\/figure><figure class='gallery-item'>\n\t\t\t<div class='gallery-icon landscape'>\n\t\t\t\t<a href='https:\/\/lanibra.com\/wp-content\/uploads\/2026\/01\/2-FERRARI-POROFINO-M-OBDELANA-scaled.jpg'><img width=\"150\" height=\"150\" src=\"https:\/\/lanibra.com\/wp-content\/uploads\/2026\/01\/2-FERRARI-POROFINO-M-OBDELANA-150x150.jpg\" class=\"attachment-thumbnail size-thumbnail\" alt=\"\" loading=\"lazy\" \/><\/a>\n\t\t\t<\/div><\/figure><figure class='gallery-item'>\n\t\t\t<div class='gallery-icon portrait'>\n\t\t\t\t<a href='https:\/\/lanibra.com\/wp-content\/uploads\/2026\/01\/3-FERRARI-PORTOFINO-M-OBDELANA-scaled.jpg'><img width=\"150\" height=\"150\" src=\"https:\/\/lanibra.com\/wp-content\/uploads\/2026\/01\/3-FERRARI-PORTOFINO-M-OBDELANA-150x150.jpg\" class=\"attachment-thumbnail size-thumbnail\" alt=\"\" loading=\"lazy\" \/><\/a>\n\t\t\t<\/div><\/figure><figure class='gallery-item'>\n\t\t\t<div class='gallery-icon landscape'>\n\t\t\t\t<a href='https:\/\/lanibra.com\/wp-content\/uploads\/2026\/01\/4-FERRARI-PORTOFINO-M-OBDELANA-scaled.jpg'><img width=\"150\" height=\"150\" src=\"https:\/\/lanibra.com\/wp-content\/uploads\/2026\/01\/4-FERRARI-PORTOFINO-M-OBDELANA-150x150.jpg\" class=\"attachment-thumbnail size-thumbnail\" alt=\"\" loading=\"lazy\" \/><\/a>\n\t\t\t<\/div><\/figure>\n\t\t<\/div>\n\n<h3>LANIBRA d.o.o.<br>Tel.: 041646167<br>E-po\u0161ta: info@lanibra.com<br>www.lanibra.com<br>Facebook: <a href=\"https:\/\/www.facebook.com\/Lanibra.International\">LANIBRA d.o.o.<\/a><br>Instagram: <a href=\"https:\/\/www.instagram.com\/lanibra.cars\/\">lanibra.cars<\/a><br><a href=\"https:\/\/youtu.be\/Td8ti5uDe1s\">YouTube<\/a><\/h3>\n\n\n<p>Gre za posodobitev modela Portofino (na\u0161 prej\u0161nji avtomobil), na kar nakazuje \u017ee M v imenu, ki pomeni \u201cmodificata\u201d, torej posodobitev. Portofino M ima nekaj ve\u010d mo\u010di \u2013 3,9-litrski V8 sedaj proizvede 456 namesto 441 kW (620 namesto 600 KM), med pomembnimi novostmi pa sta tudi povsem nov osemstopenjski menjalnik z dvojno sklopko in dodaten program vo\u017enje &#8216;race&#8217;. Ob 760 Nm navora Portofino M v 3,45 sekunde pospe\u0161i do 100 km\/h in do 200 km\/h v 9,8 sekunde, kon\u010dna hitrost pa presega 320 km\/h. Kabriolet izvedba 2+2 omogo\u010da udobno vo\u017enjo vozniku in sovozniku ter dvema sopotnikoma na zadnjih sede\u017eih, ki pa nudijo omejeno udobje in so primerni za vo\u017enjo na kraj\u0161ih razdaljah. Zmogljiv kabriolet ponuja mo\u017enost odpiranja in zapiranja kovinske strehe med vo\u017enjo, za kar je potrebnih samo 14 sekund. Z odprto streho avtomobil nudi u\u017eitek dinami\u010dne vo\u017enje z vetrom v laseh. Avtomobil ima vgrajen najmodernej\u0161i varnostni sistem za pomo\u010d vozniku pri vo\u017enji in je popolnoma obvladljiv. Avtomobil ima vgrajen najmodernej\u0161i varnostni sistem za pomo\u010d vozniku pri<br>vo\u017enji (ADAS).<\/p>\n\n\n\n<p><\/p>\n\n\n\n<p>Po na\u0161em vedenju je Ferrari Portofino M, ki ga imamo v ponudbi, edini v Sloveniji.<\/p>\n\n\n\n<p class=\"has-text-align-center\"><strong>Ne spreglejte na\u0161ih drugih modelov, katere imamo v floti vozil.<\/strong><\/p>\n\n\n\n<div class=\"wp-block-columns\">\n<div class=\"wp-block-column\">\n<figure class=\"wp-block-image size-large\"><a href=\"https:\/\/lanibra.com\/sl\/ferrari-296-gts-atelier-car\/\"><img loading=\"lazy\" width=\"1024\" height=\"683\" src=\"https:\/\/lanibra.com\/wp-content\/uploads\/2026\/01\/1-1024x683.jpg\" alt=\"\" class=\"wp-image-1069\" srcset=\"https:\/\/lanibra.com\/wp-content\/uploads\/2026\/01\/1-1024x683.jpg 1024w, https:\/\/lanibra.com\/wp-content\/uploads\/2026\/01\/1-300x200.jpg 300w, https:\/\/lanibra.com\/wp-content\/uploads\/2026\/01\/1-768x512.jpg 768w, https:\/\/lanibra.com\/wp-content\/uploads\/2026\/01\/1-1536x1024.jpg 1536w, https:\/\/lanibra.com\/wp-content\/uploads\/2026\/01\/1-2048x1365.jpg 2048w, https:\/\/lanibra.com\/wp-content\/uploads\/2026\/01\/1-272x182.jpg 272w\" sizes=\"(max-width: 1024px) 100vw, 1024px\" \/><\/a><figcaption><strong>Ferrari 296 GTS &#8211; Atelier car<\/strong><\/figcaption><\/figure>\n<\/div>\n\n\n\n<div class=\"wp-block-column\">\n<figure class=\"wp-block-image size-large\"><a href=\"https:\/\/lanibra.com\/sl\/ferrari-roma-spider\/\"><img loading=\"lazy\" width=\"1024\" height=\"683\" src=\"https:\/\/lanibra.com\/wp-content\/uploads\/2026\/01\/BK-FRS-8-1024x683.jpg\" alt=\"\" class=\"wp-image-1063\" srcset=\"https:\/\/lanibra.com\/wp-content\/uploads\/2026\/01\/BK-FRS-8-1024x683.jpg 1024w, https:\/\/lanibra.com\/wp-content\/uploads\/2026\/01\/BK-FRS-8-300x200.jpg 300w, https:\/\/lanibra.com\/wp-content\/uploads\/2026\/01\/BK-FRS-8-768x512.jpg 768w, https:\/\/lanibra.com\/wp-content\/uploads\/2026\/01\/BK-FRS-8-1536x1024.jpg 1536w, https:\/\/lanibra.com\/wp-content\/uploads\/2026\/01\/BK-FRS-8-2048x1365.jpg 2048w, https:\/\/lanibra.com\/wp-content\/uploads\/2026\/01\/BK-FRS-8-272x182.jpg 272w\" sizes=\"(max-width: 1024px) 100vw, 1024px\" \/><\/a><figcaption><strong>Ferrari Roma Spider<\/strong><\/figcaption><\/figure>\n<\/div>\n<\/div>\n\n\n\n<p class=\"has-text-align-center\"><a href=\"https:\/\/lanibra.com\/sl\/splosni-pogoji-najema-vozila-podjetja-lanibra-d-o-o\/\" data-type=\"page\" data-id=\"848\"><strong>SPLO\u0160NI POGOJI NAJEMA VOZILA<\/strong><\/a><\/p>\n\n\n\n<p class=\"has-text-align-center\"><a href=\"https:\/\/lanibra.com\/sl\/splosna-informacija\/\" data-type=\"page\" data-id=\"1007\"><strong>SPLO\u0160NA INFORMACIJA<\/strong><\/a><\/p>\n\n\n\n<p class=\"has-text-align-center\"><a href=\"https:\/\/lanibra.com\/sl\/cenik\/\" data-type=\"page\" data-id=\"1015\"><strong>CENIK<\/strong><\/a><\/p>\n","protected":false},"excerpt":{"rendered":"<p>Kabriolet, 620 konjskih mo\u010di, pospe\u0161ek 0-100 km\/h v 3,45 sekunde. LANIBRA d.o.o.Tel.: 041646167E-po\u0161ta: info@lanibra.comwww.lanibra.comFacebook: LANIBRA d.o.o.Instagram: lanibra.carsYouTube Gre za posodobitev &#8230; <\/p>\n<p class=\"read-more-container\"><a title=\"FERRARI PORTOFINO M\" class=\"read-more button\" href=\"https:\/\/lanibra.com\/sl\/ferrari-portofino\/#more-827\">Preberi ve\u010d<span class=\"screen-reader-text\">FERRARI PORTOFINO M<\/span><\/a><\/p>\n","protected":false},"author":1,"featured_media":0,"parent":0,"menu_order":0,"comment_status":"closed","ping_status":"closed","template":"","meta":{"_generate-full-width-content":""},"_links":{"self":[{"href":"https:\/\/lanibra.com\/sl\/wp-json\/wp\/v2\/pages\/827"}],"collection":[{"href":"https:\/\/lanibra.com\/sl\/wp-json\/wp\/v2\/pages"}],"about":[{"href":"https:\/\/lanibra.com\/sl\/wp-json\/wp\/v2\/types\/page"}],"author":[{"embeddable":true,"href":"https:\/\/lanibra.com\/sl\/wp-json\/wp\/v2\/users\/1"}],"replies":[{"embeddable":true,"href":"https:\/\/lanibra.com\/sl\/wp-json\/wp\/v2\/comments?post=827"}],"version-history":[{"count":23,"href":"https:\/\/lanibra.com\/sl\/wp-json\/wp\/v2\/pages\/827\/revisions"}],"predecessor-version":[{"id":1186,"href":"https:\/\/lanibra.com\/sl\/wp-json\/wp\/v2\/pages\/827\/revisions\/1186"}],"wp:attachment":[{"href":"https:\/\/lanibra.com\/sl\/wp-json\/wp\/v2\/media?parent=827"}],"curies":[{"name":"wp","href":"https:\/\/api.w.org\/{rel}","templated":true}]}}