{"id":825,"date":"2021-04-17T11:32:49","date_gmt":"2021-04-17T11:32:49","guid":{"rendered":"https:\/\/lanibra.com\/?page_id=825"},"modified":"2021-04-18T09:55:52","modified_gmt":"2021-04-18T09:55:52","slug":"pravno-svetovanje","status":"publish","type":"page","link":"https:\/\/lanibra.com\/sl\/pravno-svetovanje\/","title":{"rendered":"PRAVNO SVETOVANJE"},"content":{"rendered":"\n<p>Nudimo visokokakovostno pravno svetovanje, prilagojeno specifi\u010dnim potrebam in interesom na\u0161ih strank.<\/p>\n\n\n\n<p>Na podro\u010dju pravnega svetovanja se osredoto\u010damo predvsem na zakonodajo, ki ureja sindikate in njihovo delovanje, prav tako pa se ukvarjamo tudi s stavkami in bojkoti v pomorstvu po vsem svetu. Smo specializirani in imamo bogate izku\u0161nje na podro\u010dju industrijskih oziroma delovnih odnosov v pomorski industriji, in sicer predvsem v zvezi s pravicami in obveznostmi sindikatov, postopkom kolektivnih pogajanj in kolektivnimi pogodbami in njihovo izvr\u0161ljivostjo ter v zvezi s prepre\u010devanjem in re\u0161evanjem razli\u010dnih vrst delovnih sporov na splo\u0161no ter stavk in bojkotov ladij, prav tako pa nudimo pomo\u010d in svetovanje v zvezi z zakonodajo, ki obravnava te teme po vsem svetu.<\/p>\n\n\n\n<p>Nudimo tudi pravno pomo\u010d, svetovanje in asistenco na naslednjih podro\u010djih:<\/p>\n\n\n\n<ul><li><strong>Pomorsko pravo:<\/strong><\/li><\/ul>\n\n\n\n<p><a href=\"https:\/\/lanibra.com\/posrednistvo-in-svetovanje\/?lang=sl\" data-type=\"page\" data-id=\"821\">Tukaj<\/a> preberite ve\u010d o na\u0161ih posredni\u0161kih in svetovalnih storitvah v zvezi s pomorskimi zadevami. <\/p>\n\n\n\n<ul><li><strong>Delovno pravo in pravo socialne varnosti:<\/strong><\/li><\/ul>\n\n\n\n<p>Nudimo storitve v zvezi z delovnimi razmerji in vsemi vpra\u0161anji, povezanimi z delovno silo, delovanjem sindikatov, stavkami in podobno in ponujamo pripravo internih politik in dokumentov podjetja, pa tudi pogodb o zaposlitvi in \u200b\u200bvseh ostalih potrebnih dokumentov, ki se nana\u0161ajo na zaposlovanje \/ delo.<\/p>\n\n\n\n<ul><li><strong>Civilno pravo:<\/strong><\/li><\/ul>\n\n\n\n<p>Nudimo pravno pomo\u010d in svetovanje na razli\u010dnih podro\u010djih civilnega prava, kot je obligacijsko pravo (tj. pregled ali priprava razli\u010dnih vrst pogodb za podjetja in posameznike ter drugih potrebnih dokumentov za stranke v skladu z veljavno zakonodajo v Sloveniji in v drugih dr\u017eavah po vsem svetu, zagotavljanje pravnih mnenj in pojasnil itd.), nepremi\u010dninsko pravo (tj. priprava, pregled in svetovanje v zvezi z nepremi\u010dninskimi pogodbami, kot so prodajne pogodbe, darilne pogodbe, najemne pogodbe in druge pogodbe, povezane z nepremi\u010dninami, svetovanje pri nakupu, prodaji ali najemu nepremi\u010dnin, skrbni pregled pravnega stanja nepremi\u010dnine, zemlji\u0161koknji\u017eni postopki itd.), dedno pravo in dru\u017einsko pravo.<\/p>\n\n\n\n<ul><li><strong>Dav\u010dno pravo:<\/strong><\/li><\/ul>\n\n\n\n<p>Sodelujemo z zunanjimi strokovnjaki, da strankam ponudimo celovit pristop v poslovnih in osebnih dav\u010dnih zadevah tako v Sloveniji kot po svetu, z namenom zagotovitve optimalnega dav\u010dnega poslovanja.<\/p>\n\n\n\n<ul><li><strong>Gospodarsko pravo<\/strong>:<\/li><\/ul>\n\n\n\n<p>Nudimo pravno pomo\u010d, svetovanje in asistenco v vseh fazah poslovanja, od ustanovitve podjetij oziroma gospodarskih dru\u017eb in oblikovanja pravnih aktov do postopkov za prevzem, delitev, zdru\u017eitev in prenehanje dru\u017eb ter postopke skrbnega pregleda na pravnem podro\u010dju,.<\/p>\n\n\n\n<ul><li><strong>Varstvo osebnih podatkov:<\/strong><\/li><\/ul>\n\n\n\n<p>Ponujamo tudi storitve v zvezi z zakonodajo o varstvu osebnih podatkov, na primer pregled in pripravo aktov in politik podjetja oziroma dru\u017ebe, s \u010dimer zagotovimo, da sta poslovanje in pristop k varstvu podatkov v skladu s Splo\u0161no uredbo Evropske unije (EU) o varstvu podatkov (Uredba (EU) 2016\/679), ki je za\u010dela veljati 25. maja 2018, za podjetja in organizacije, ki delujejo znotraj EU, in tiste izven EU, ki ponujajo blago ali storitve posameznikom v EU, ter v skladu z drugimi ustreznimi predpisi o varstvu osebnih podatkov na mednarodni ravni.<\/p>\n\n\n\n<ul><li><strong>Pravice potnikov:<\/strong><\/li><\/ul>\n\n\n\n<p>Nudimo pomo\u010d, svetovanje in asistenco v zvezi s pravicami potnikov in strankam pomagamo pri njihovem uveljavljanju le-teh, kot so upravi\u010denost do od\u0161kodnine in povra\u010dilo stro\u0161kov v nekaterih primerih itd., pri \u010demer je na\u0161e strokovno podro\u010dje predvsem letalski prevoz in pravice letalskih potnikov.<\/p>\n","protected":false},"excerpt":{"rendered":"<p>Nudimo visokokakovostno pravno svetovanje, prilagojeno specifi\u010dnim potrebam in interesom na\u0161ih strank. Na podro\u010dju pravnega svetovanja se osredoto\u010damo predvsem na zakonodajo, &#8230; <\/p>\n<p class=\"read-more-container\"><a title=\"PRAVNO SVETOVANJE\" class=\"read-more button\" href=\"https:\/\/lanibra.com\/sl\/pravno-svetovanje\/#more-825\">Preberi ve\u010d<span class=\"screen-reader-text\">PRAVNO SVETOVANJE<\/span><\/a><\/p>\n","protected":false},"author":1,"featured_media":0,"parent":0,"menu_order":0,"comment_status":"closed","ping_status":"closed","template":"","meta":{"_generate-full-width-content":""},"_links":{"self":[{"href":"https:\/\/lanibra.com\/sl\/wp-json\/wp\/v2\/pages\/825"}],"collection":[{"href":"https:\/\/lanibra.com\/sl\/wp-json\/wp\/v2\/pages"}],"about":[{"href":"https:\/\/lanibra.com\/sl\/wp-json\/wp\/v2\/types\/page"}],"author":[{"embeddable":true,"href":"https:\/\/lanibra.com\/sl\/wp-json\/wp\/v2\/users\/1"}],"replies":[{"embeddable":true,"href":"https:\/\/lanibra.com\/sl\/wp-json\/wp\/v2\/comments?post=825"}],"version-history":[{"count":2,"href":"https:\/\/lanibra.com\/sl\/wp-json\/wp\/v2\/pages\/825\/revisions"}],"predecessor-version":[{"id":937,"href":"https:\/\/lanibra.com\/sl\/wp-json\/wp\/v2\/pages\/825\/revisions\/937"}],"wp:attachment":[{"href":"https:\/\/lanibra.com\/sl\/wp-json\/wp\/v2\/media?parent=825"}],"curies":[{"name":"wp","href":"https:\/\/api.w.org\/{rel}","templated":true}]}}