{"id":817,"date":"2021-04-17T11:27:00","date_gmt":"2021-04-17T11:27:00","guid":{"rendered":"https:\/\/lanibra.com\/?page_id=817"},"modified":"2021-04-17T11:27:02","modified_gmt":"2021-04-17T11:27:02","slug":"branko-krznaric","status":"publish","type":"page","link":"https:\/\/lanibra.com\/sl\/branko-krznaric\/","title":{"rendered":"Branko Krznari\u010d"},"content":{"rendered":"\n<figure class=\"wp-block-image size-large is-resized\"><img loading=\"lazy\" src=\"https:\/\/lanibra.com\/wp-content\/uploads\/2021\/04\/BRANKO-731x1024.jpg\" alt=\"\" class=\"wp-image-691\" width=\"366\" height=\"512\" srcset=\"https:\/\/lanibra.com\/wp-content\/uploads\/2021\/04\/BRANKO-731x1024.jpg 731w, https:\/\/lanibra.com\/wp-content\/uploads\/2021\/04\/BRANKO-214x300.jpg 214w, https:\/\/lanibra.com\/wp-content\/uploads\/2021\/04\/BRANKO-768x1076.jpg 768w, https:\/\/lanibra.com\/wp-content\/uploads\/2021\/04\/BRANKO-1096x1536.jpg 1096w, https:\/\/lanibra.com\/wp-content\/uploads\/2021\/04\/BRANKO-1461x2048.jpg 1461w, https:\/\/lanibra.com\/wp-content\/uploads\/2021\/04\/BRANKO.jpg 1500w\" sizes=\"(max-width: 366px) 100vw, 366px\" \/><\/figure>\n\n\n\n<p><strong>BRANKO KRZNARI\u010c, Ustanovitelj in lastnik \/ direktor<\/strong><\/p>\n\n\n\n<p>Branko Krznari\u010d je usposobljen za \u010dastnika stroja trgovske monarice v skladu s pomorskimi predpisi Republike Slovenije o nazivih, strokovni izobrazbi in pooblastilih \u010dlanov posadk ladij trgovske mornarice. Pomorsko kariero je za\u010del leta 1982 kot asistent stroja. Kot pomor\u0161\u010dak je delal do decembra 1995 in je napredoval vse do polo\u017eaja prvega \u010dastnika stroja.<\/p>\n\n\n\n<p>Konec leta 1995 je bil izvoljen za predsednika Sindikata pomor\u0161\u010dakov Slovenije. Junija 1998 je bil s strani Mednarodne federacije transportnih delavcev (ITF), s sede\u017eem v Londonu, in s strani Sindikata pomor\u0161\u010dakov Slovenije imenovan za ITF in\u0161pektorja. Kot ITF in\u0161pektor je bil odgovoren za Luko Koper in tr\u017ea\u0161ko pristani\u0161\u010de v Italiji. Bil je tudi predsednik Slovenske zveze sindikatov (Sindikalna centrala).<\/p>\n\n\n\n<p>Januarja 2005 je prevzel delo v sekretariatu ITF v Londonu kot vodja enote za sklepanje pogodb. Ve\u010d let je delal za ITF in leta 2007 prevzel polo\u017eaj direktorja oddelka za sklepanje pogodb. Poleg drugih nalog je bil odgovoren za vsakodnevno usklajevanje mednarodnih kolektivnih pogajanj med ITF in z njim povezanimi sindikati, ladjarji in \/ ali njihovimi predstavniki; prav tako je bil odgovoren za pomo\u010d \/ usmerjanje ITF in\u0161pektorata pri izvr\u0161evanju kampanje zastav ugodnosti \u2013 Flag of Convenience (FOC) in za ohranjanje stikov z lastniki ladij in njihovimi predstavniki in tesnih odnosov s sindikati, \u010dlanicami ITF-a, po vsem svetu. Za ITF sekretariat v Londonu je delal ve\u010d kot 12 let.<\/p>\n\n\n\n<p>Branko je strokovnjak za Konvencijo o delu v pomorstvu, 2006 (MLC, 2006), o \u010demer pri\u010da tudi potrdilo o usposobljenosti in poznavanju Konvencije o delu v pomorstvu, 2006 (MLC, 2006) Mednarodne organizacije dela (ILO), podeljeno po zaklju\u010dku izobra\u017eevanja v Mednarodnem izobra\u017eevalnem centru ILO v Torinu v Italiji, ki potrjuje, da odli\u010dno pozna in razume Konvencijo.<\/p>\n\n\n\n<p>Prav tako je imenovan za nadzornika s strani Classification Services Single Member Private Company, komercialno znano kot RS Class, povezano z dru\u017ebo Panamanian services S.A., ki ga je avtorizirala za opravljanje pregledov ladij, katerih pregled mora biti opravljen v zvezi s Konvencijo o delu v pomorstvu, 2006 (MLC, 2006), da lahko prejmejo Izjavo o skladnosti dela v pomorstvu del II in \/ ali Spri\u010devalo o delu v pomorstvu po vsem svetu. Poobla\u0161\u010den je za izvedbo pregleda, s katerim se oceni, \u010de ladja izpolnjuje zahteve, dolo\u010dene v konvencijah in predpisih, in za izdajo za\u010dasnega certifikata oziroma spri\u010devala in da zagotovi, da lastniki ladij prejmejo certifikat oziroma spri\u010devalo. Natan\u010dneje, kot strokovnjak za MLC, 2006, z odli\u010dnim poznavanjem in razumevanjem Konvencije, je poobla\u0161\u010den za izvedbo: prvega pregleda z RS in podalj\u0161anja \/ posebnega pregleda za pridobitev naslednjih vrst certifikatov oziroma spri\u010deval &#8211; Izjava o skladnosti dela na morju del II in Spri\u010devalo o delu v pomorstvu ter vmesnega \/ periodi\u010dnega pregleda za izdajo Spri\u010devala o delu v pomorstvu.<\/p>\n\n\n\n<p>Branko je tekom let ustvaril mo\u010dno osebno mre\u017eo in tesne osebne odnose v pomorski industriji. Je tudi \u010dlan Dru\u0161tva za pomorsko pravo Slovenije, ki je del nevladne mednarodne organizacije Mednarodni pomorski odbor \/ Comit\u00e9 Maritime International (CMI), ustanovljene leta 1897 s sede\u017eem v Belgiji, ki zdru\u017euje ve\u010d kot 50 nacionalnih dru\u0161tev za pomorsko pravo.<\/p>\n\n\n\n<p>Je ustanovitelj in lastnik podjetja LANIBRA d.o.o.<\/p>\n\n\n\n<p>POTRDILA<\/p>\n\n\n\n<p>In\u017eenir ladijskega strojni\u0161tva<\/p>\n\n\n\n<p>Potrdilo o usposobljenosti in poznavanju Konvencije o delu v pomorstvu, 2006 (MLC, 2006)<\/p>\n\n\n\n<p>GOVOREC NA MEDNARODNIH KONFERENCAH IN DRUGIH DOGODKIH<\/p>\n\n\n\n<ul><li>Lloyd&#8217;s List &#8211; Informa \/ 2. konferenca \u201cLSM Manning &amp; Training in India\u201d \u2013 Mumbaj, India, 2006<\/li><li>Lloyd&#8217;s List &#8211; Informa \/ 19. mednarodna konferenca \u201cInternational Ship Management Conference\u201d \u2013 Hamburg, Nem\u010dija, 2009<\/li><li>Kriminalizacija pomor\u0161\u010dakov \/ okrogla miza \u2013 Zadar, Croatia, 2009<\/li><li>ACI \/ 5. pomorska konferenca \u201cMaritime HR and Crew Development Conference\u201d \u2013 London, Zdru\u017eeno kraljestvo, 2009<\/li><li>ACI \/ 8. pomorska konferenca \u201cMaritime HR and Crew Development Conference\u201d \u2013 Dubaj, Zdru\u017eeni arabski emirati, 2011<\/li><li>ACI \/ 10. pomorska konferenca \u201cMaritime HR and Crew Development Conference\u201d \u2013 Singapur, 2012<\/li><li>ACI \/ 12. Pomorska konferenca \u201cMaritime HR and Crew Development Conference\u201d \u2013 Singapur, 2013<\/li><li>Women&#8217;s International Shipping &amp; Trading Association (WISTA) \/ WISTA mediteranska konferenca &#8211; Hidra, Gr\u010dija, 2013<\/li><li>Problematika in pravno vpra\u0161anje zaustavitve in bojkota ladij v pristani\u0161\u010dih \/ okrogla miza Dru\u0161tva za pomorsko pravo Slovenije skupaj z Lano Krznari\u010d, direktorico slu\u017ebe za pravne in splo\u0161ne zadeve v podjetju LANIBRA d.o.o. \u2013 Koper, Slovenija, 2018<\/li><li>S Konvencijo o delu v pomorstvu, 2006 (Maritime Labour Convention, 2006) povezane te\u017eave, s katerimi se sre\u010dujejo lastniki ladij v pristani\u0161\u010dih \/ 1. konferenca \u201cDigital Crew Management Forum\u201d \u2013 Pirej, Gr\u010dija, 2019<\/li><\/ul>\n\n\n\n<p><strong>LANA KRZNARI\u010c, Direktorica slu\u017ebe za pravne in splo\u0161ne zadeve \/ prokuristka<\/strong><\/p>\n\n\n\n<p>Lana Krznari\u010d je za\u010dela s \u0161tudijem na Pravni fakulteti Univerze v Ljubljani ter izobrazbo nadaljevala na Evropski pravni fakulteti, kjer je pridobila naziv diplomirana pravnica (UN).<\/p>\n\n\n\n<p>Odgovorna je za organizacijo, izvajanje in usklajevanje dejavnosti na podro\u010dju pravnih in splo\u0161nih zadev, izvajanje in nadzor pravnih postopkov v imenu podjetja, za pripravo pogodb in drugih pravnih aktov ter za zagotavljanje pravnega svetovanja.<\/p>\n\n\n\n<p>Prav tako zastopa podjetje in pomaga pri oblikovanju njegovih strate\u0161kih ciljev ter pri pripravi poslovnih na\u010drtov, nadzoruje razvoj in izvajanje poslovnih strategij in s tem povezanih sprememb ter prispeva k doseganju poslovnih ciljev in na\u010drtov podjetja.<\/p>\n\n\n\n<p>Lana je \u010dlanica Dru\u0161tva za pomorsko pravo Slovenije, ki je del nevladne mednarodne organizacije Mednarodni pomorski odbor \/ Comit\u00e9 Maritime International (CMI), ustanovljene leta 1897 s sede\u017eem v Belgiji, ki zdru\u017euje ve\u010d kot 50 nacionalnih dru\u0161tev za pomorsko pravo. V Dru\u0161tvu zaseda polo\u017eaj \u010dlanice Izvr\u0161ilnega odbora.<\/p>\n\n\n\n<p>GOVORKA NA MEDNARODNIH KONFERENCAH IN DRUGIH DOGODKIH<\/p>\n\n\n\n<ul><li>Predlagane zakonodajne spremembe sistema davka na tona\u017eo \/ 3. Jadranska konferenca o pomorskem pravu \u201cAdriatic Maritime Law Conference\u201d (AMLC) \u2013 Grade\u017e, Italija, 2018<\/li><li>Problematika in pravno vpra\u0161anje zaustavitve in bojkota ladij v pristani\u0161\u010dih \/ okrogla miza Dru\u0161tva za pomorsko pravo Slovenije skupaj z Brankom Krznari\u010dem, direktorjem podjetja LANIBRA d.o.o. \u2013 Koper, Slovenija, 2018<\/li><li>Vpra\u0161anje legalnosti bojkota ladje z namenom sklenitve kolektivne pogodbe \/ 4. Jadranska konferenca o pomorskem pravu \u00bbAdriatic Maritime Law Conference\u00ab (AMLC) \u2013 Portoro\u017e, Slovenia, 2019<\/li><\/ul>\n\n\n\n<p>STROKOVNI \u010cLANKI<\/p>\n\n\n\n<ul><li>Pravna revija Pravna Praksa \/ 14 May 2020<\/li><\/ul>\n\n\n\n<p>Prispevek o dav\u010dnem polo\u017eaju pomor\u0161\u010dakov in intervencijskih ukrepih, v katerem je avtorica obravnavala problemati\u010den polo\u017eaj pomor\u0161\u010dakov, s katerim se soo\u010dajo kot posledici ukrepov, povezanih z zajezitvijo Covida-19, zlasti v zvezi z zaprtjem mej in omejitvijo prometa, s poudarkom na izgubi dohodka pomor\u0161\u010dakov zaradi teh okoli\u0161\u010din, je bil v maju 2020 objavljen v pravni reviji Pravna praksa, ki je namenjena strokovni pravni skupnosti, vklju\u010dno s sodniki, odvetniki in svetovalci. \u010clanek se osredoto\u010da na vpra\u0161anje obdav\u010ditve pomor\u0161\u010dakov in izpostavlja potrebo po njihovi vklju\u010ditvi v ukrepe pomo\u010di za ubla\u017eitev posledic epidemije koronavirusa, hkrati pa avtorica opozarja na sicer\u0161njo potrebo po dav\u010dni reformi za pomor\u0161\u010dake ob upo\u0161tevanju vseh posebnosti njihovega polo\u017eaja. \u010clanek ponuja tudi primerjavo s pravno ureditvijo obdav\u010ditve pomor\u0161\u010dakov v hrva\u0161ki zakonodaji in kot vzoren izpostavlja pristop k ubla\u017eitvi posledic epidemije za hrva\u0161ke pomor\u0161\u010dake. \u010clanek je na voljo na naslednji povezavi: <a href=\"https:\/\/www.pravnapraksa.si\/LITE\/Besedilo.aspx?SOPI=L010Y2020V19P13-14N1\">https:\/\/www.pravnapraksa.si\/LITE\/Besedilo.aspx?SOPI=L010Y2020V19P13-14N1<\/a>.<\/p>\n","protected":false},"excerpt":{"rendered":"<p>BRANKO KRZNARI\u010c, Ustanovitelj in lastnik \/ direktor Branko Krznari\u010d je usposobljen za \u010dastnika stroja trgovske monarice v skladu s pomorskimi &#8230; <\/p>\n<p class=\"read-more-container\"><a title=\"Branko Krznari\u010d\" class=\"read-more button\" href=\"https:\/\/lanibra.com\/sl\/branko-krznaric\/#more-817\">Preberi ve\u010d<span class=\"screen-reader-text\">Branko Krznari\u010d<\/span><\/a><\/p>\n","protected":false},"author":1,"featured_media":0,"parent":0,"menu_order":0,"comment_status":"closed","ping_status":"closed","template":"","meta":{"_generate-full-width-content":""},"_links":{"self":[{"href":"https:\/\/lanibra.com\/sl\/wp-json\/wp\/v2\/pages\/817"}],"collection":[{"href":"https:\/\/lanibra.com\/sl\/wp-json\/wp\/v2\/pages"}],"about":[{"href":"https:\/\/lanibra.com\/sl\/wp-json\/wp\/v2\/types\/page"}],"author":[{"embeddable":true,"href":"https:\/\/lanibra.com\/sl\/wp-json\/wp\/v2\/users\/1"}],"replies":[{"embeddable":true,"href":"https:\/\/lanibra.com\/sl\/wp-json\/wp\/v2\/comments?post=817"}],"version-history":[{"count":1,"href":"https:\/\/lanibra.com\/sl\/wp-json\/wp\/v2\/pages\/817\/revisions"}],"predecessor-version":[{"id":818,"href":"https:\/\/lanibra.com\/sl\/wp-json\/wp\/v2\/pages\/817\/revisions\/818"}],"wp:attachment":[{"href":"https:\/\/lanibra.com\/sl\/wp-json\/wp\/v2\/media?parent=817"}],"curies":[{"name":"wp","href":"https:\/\/api.w.org\/{rel}","templated":true}]}}