{"id":1068,"date":"2026-01-25T19:50:26","date_gmt":"2026-01-25T19:50:26","guid":{"rendered":"https:\/\/lanibra.com\/?page_id=1068"},"modified":"2026-02-18T17:28:25","modified_gmt":"2026-02-18T17:28:25","slug":"ferrari-296-gts-atelier-car","status":"publish","type":"page","link":"https:\/\/lanibra.com\/sl\/ferrari-296-gts-atelier-car\/","title":{"rendered":"FERRARI 296 GTS \u2013 ATELIER CAR"},"content":{"rendered":"<h3>Kabriolet, 830 konjskih mo\u010di, pospe\u0161ek 0-100 km\/h v 2,9 sekunde.<\/h3>\n<div id='gallery-1' class='gallery galleryid-1068 gallery-columns-3 gallery-size-thumbnail'><figure class='gallery-item'>\n\t\t\t<div class='gallery-icon landscape'>\n\t\t\t\t<a href='https:\/\/lanibra.com\/wp-content\/uploads\/2026\/01\/1-scaled.jpg'><img width=\"150\" height=\"150\" src=\"https:\/\/lanibra.com\/wp-content\/uploads\/2026\/01\/1-150x150.jpg\" class=\"attachment-thumbnail size-thumbnail\" alt=\"\" loading=\"lazy\" \/><\/a>\n\t\t\t<\/div><\/figure><figure class='gallery-item'>\n\t\t\t<div class='gallery-icon landscape'>\n\t\t\t\t<a href='https:\/\/lanibra.com\/wp-content\/uploads\/2026\/01\/2-scaled.jpg'><img width=\"150\" height=\"150\" src=\"https:\/\/lanibra.com\/wp-content\/uploads\/2026\/01\/2-150x150.jpg\" class=\"attachment-thumbnail size-thumbnail\" alt=\"\" loading=\"lazy\" \/><\/a>\n\t\t\t<\/div><\/figure><figure class='gallery-item'>\n\t\t\t<div class='gallery-icon landscape'>\n\t\t\t\t<a href='https:\/\/lanibra.com\/wp-content\/uploads\/2026\/01\/3-scaled.jpg'><img width=\"150\" height=\"150\" src=\"https:\/\/lanibra.com\/wp-content\/uploads\/2026\/01\/3-150x150.jpg\" class=\"attachment-thumbnail size-thumbnail\" alt=\"\" loading=\"lazy\" \/><\/a>\n\t\t\t<\/div><\/figure><figure class='gallery-item'>\n\t\t\t<div class='gallery-icon landscape'>\n\t\t\t\t<a href='https:\/\/lanibra.com\/wp-content\/uploads\/2026\/01\/4-scaled.jpg'><img width=\"150\" height=\"150\" src=\"https:\/\/lanibra.com\/wp-content\/uploads\/2026\/01\/4-150x150.jpg\" class=\"attachment-thumbnail size-thumbnail\" alt=\"\" loading=\"lazy\" \/><\/a>\n\t\t\t<\/div><\/figure><figure class='gallery-item'>\n\t\t\t<div class='gallery-icon landscape'>\n\t\t\t\t<a href='https:\/\/lanibra.com\/wp-content\/uploads\/2026\/01\/5-scaled.jpg'><img width=\"150\" height=\"150\" src=\"https:\/\/lanibra.com\/wp-content\/uploads\/2026\/01\/5-150x150.jpg\" class=\"attachment-thumbnail size-thumbnail\" alt=\"\" loading=\"lazy\" \/><\/a>\n\t\t\t<\/div><\/figure><figure class='gallery-item'>\n\t\t\t<div class='gallery-icon landscape'>\n\t\t\t\t<a href='https:\/\/lanibra.com\/wp-content\/uploads\/2026\/01\/64.jpg'><img width=\"150\" height=\"150\" src=\"https:\/\/lanibra.com\/wp-content\/uploads\/2026\/01\/64-150x150.jpg\" class=\"attachment-thumbnail size-thumbnail\" alt=\"\" loading=\"lazy\" \/><\/a>\n\t\t\t<\/div><\/figure><figure class='gallery-item'>\n\t\t\t<div class='gallery-icon landscape'>\n\t\t\t\t<a href='https:\/\/lanibra.com\/wp-content\/uploads\/2026\/01\/65.jpg'><img width=\"150\" height=\"150\" src=\"https:\/\/lanibra.com\/wp-content\/uploads\/2026\/01\/65-150x150.jpg\" class=\"attachment-thumbnail size-thumbnail\" alt=\"\" loading=\"lazy\" \/><\/a>\n\t\t\t<\/div><\/figure><figure class='gallery-item'>\n\t\t\t<div class='gallery-icon landscape'>\n\t\t\t\t<a href='https:\/\/lanibra.com\/wp-content\/uploads\/2026\/01\/66.jpg'><img width=\"150\" height=\"150\" src=\"https:\/\/lanibra.com\/wp-content\/uploads\/2026\/01\/66-150x150.jpg\" class=\"attachment-thumbnail size-thumbnail\" alt=\"\" loading=\"lazy\" \/><\/a>\n\t\t\t<\/div><\/figure>\n\t\t<\/div>\n\n<h3>LANIBRA d.o.o.<br>Tel.: 041646167<br>E-po\u0161ta: info@lanibra.com<br>www.lanibra.com<br>Facebook: <a href=\"https:\/\/www.facebook.com\/Lanibra.International\">LANIBRA d.o.o.<\/a><br>Instagram: <a href=\"https:\/\/www.instagram.com\/lanibra.cars\/\">lanibra.cars<\/a><br><a href=\"https:\/\/youtu.be\/KoaJ6jQzZZY\">YouTube<\/a><\/h3>\n\n\n<p>Pri tem avtomobilu je na\u010deloma mo\u017ena opcija \u2013 potnik in samo z dogovorom ob rezervaciji\ntermina je mo\u017enost vo\u017enje (voznik). Po na\u0161em vedenju, gre za edini Ferrari 296 GTS, za\nslovenski trg, ki je bil konfiguriran v posebnem studiu v tovarni Ferrari \u2013 \u201cAtelier Ferrari\u201d v Maranello v Italiji in ima avtomobil status \u201cAtelier Car\u201d. Atelier Ferrari je poseben studio, s\n\u0161iroko izbiro materialov in dodatkov, ki zagotavlja, da je naro\u010deni avtomobil unikaten. Studio\nje zasnovan tako, da zagotovi, da naro\u010dnik ustvari unikaten avtomobil po meri pri \u010demer\npomaga ekipa strokovnjakov. Zelo omejeno \u0161tevilo Ferrarijev modela 296 GTS, ra\u010dunajo\u010d cel\nsvet, je bilo konfiguriranih v studiu v tovarni Ferrari. Avtomobil Ferrari je sicer mo\u017eno\nkonfigurirati v studio izklju\u010dno na povabilo tovarne in to mo\u017enost imajo samo tisti s\nposebnim statusom. Zmogljiv kabriolet ponuja mo\u017enost odpiranja in zapiranja kovinske\nstrehe med vo\u017enjo, za kar je potrebnih samo 14 sekund. Z odprto streho avtomobil nudi\nu\u017eitek dinami\u010dne vo\u017enje z vetrom v laseh. Avtomobil ima vgrajen najmodernej\u0161i varnostni\nsistem za pomo\u010d vozniku pri vo\u017enji in je popolnoma obvladljiv. Ferrari 296 GTS, ki je bil\nrazvit iz Ferrarijevega dvosede\u017enega kabrioleta GTB, ima motor sredinsko zadaj in je\npriklju\u010dni hibrid (Plug-in Hybrid). Poganja ga 3,0-litrski motor V6 z dvojnim\nturbopolnilnikom, ki ustvari najve\u010djo mo\u010d 663 KM (488 Kw) pri 8.000 vrt.\/min v\nkombinaciji s 167 KM. (123 kW) elektromotorjem. Avtomobil ima skupno mo\u010d 830 KM\n(610 Kw) in je sposoben pospe\u0161iti z mesta do 100 km\/h v 2,9 sekunde in pospe\u0161i od 0-200\nkm\/h v 7,6 sekunde, najvi\u0161ja hitrost je ve\u010d kot 330 km\/h. Zmogljiv kabriolet ponuja mo\u017enost\nodpiranja in zapiranja kovinske strehe med vo\u017enjo. Avtomobil ima vgrajen najmodernej\u0161i\nvarnostni sistem za pomo\u010d vozniku pri vo\u017enji (ADAS). Na\u0161 Ferrari 296 GTS &#8211; Atelier Car je\ndvosede\u017enik in so lahko v njemu samo dve osebe, voznik in sovoznik\/potnik. V kolikor gre\nza vo\u017enjo, je predstavnik podjetja poleg voznika (najemnik oziroma obdarovanec) kot\nsovoznik\/potnik. V primeru ko je najemnik, oziroma obdarovanec potnik, pa je ta torej poleg\nvoznika s strani podjetja.<\/p>\n\n\n\n<p><\/p>\n\n\n\n<p>Po na\u0161em vedenju je Ferrari 296 GTS \u2013 ATELIER CAR, ki ga imamo v ponudbi, edini v Sloveniji.<\/p>\n\n\n\n<p class=\"has-text-align-center\"><strong>Ne spreglejte na\u0161ih drugih modelov, katere imamo v floti vozil.<\/strong><\/p>\n\n\n\n<div class=\"wp-block-columns\">\n<div class=\"wp-block-column\">\n<figure class=\"wp-block-image size-large\"><a href=\"https:\/\/lanibra.com\/sl\/ferrari-portofino\/\"><img loading=\"lazy\" width=\"1024\" height=\"683\" src=\"https:\/\/lanibra.com\/wp-content\/uploads\/2026\/01\/2-FERRARI-POROFINO-M-OBDELANA-1024x683.jpg\" alt=\"\" class=\"wp-image-1037\" srcset=\"https:\/\/lanibra.com\/wp-content\/uploads\/2026\/01\/2-FERRARI-POROFINO-M-OBDELANA-1024x683.jpg 1024w, https:\/\/lanibra.com\/wp-content\/uploads\/2026\/01\/2-FERRARI-POROFINO-M-OBDELANA-300x200.jpg 300w, https:\/\/lanibra.com\/wp-content\/uploads\/2026\/01\/2-FERRARI-POROFINO-M-OBDELANA-768x512.jpg 768w, https:\/\/lanibra.com\/wp-content\/uploads\/2026\/01\/2-FERRARI-POROFINO-M-OBDELANA-1536x1024.jpg 1536w, https:\/\/lanibra.com\/wp-content\/uploads\/2026\/01\/2-FERRARI-POROFINO-M-OBDELANA-2048x1365.jpg 2048w, https:\/\/lanibra.com\/wp-content\/uploads\/2026\/01\/2-FERRARI-POROFINO-M-OBDELANA-272x182.jpg 272w\" sizes=\"(max-width: 1024px) 100vw, 1024px\" \/><\/a><figcaption><strong>Ferrari Portofino M<\/strong><\/figcaption><\/figure>\n\n\n\n<p><\/p>\n<\/div>\n\n\n\n<div class=\"wp-block-column\">\n<figure class=\"wp-block-image size-large\"><a href=\"https:\/\/lanibra.com\/sl\/ferrari-roma-spider\/\"><img loading=\"lazy\" width=\"1024\" height=\"683\" src=\"https:\/\/lanibra.com\/wp-content\/uploads\/2026\/01\/BK-FRS-8-1024x683.jpg\" alt=\"\" class=\"wp-image-1063\" srcset=\"https:\/\/lanibra.com\/wp-content\/uploads\/2026\/01\/BK-FRS-8-1024x683.jpg 1024w, https:\/\/lanibra.com\/wp-content\/uploads\/2026\/01\/BK-FRS-8-300x200.jpg 300w, https:\/\/lanibra.com\/wp-content\/uploads\/2026\/01\/BK-FRS-8-768x512.jpg 768w, https:\/\/lanibra.com\/wp-content\/uploads\/2026\/01\/BK-FRS-8-1536x1024.jpg 1536w, https:\/\/lanibra.com\/wp-content\/uploads\/2026\/01\/BK-FRS-8-2048x1365.jpg 2048w, https:\/\/lanibra.com\/wp-content\/uploads\/2026\/01\/BK-FRS-8-272x182.jpg 272w\" sizes=\"(max-width: 1024px) 100vw, 1024px\" \/><\/a><figcaption><strong>Ferrari Roma Spider<\/strong><\/figcaption><\/figure>\n<\/div>\n<\/div>\n\n\n\n<p class=\"has-text-align-center\"><a href=\"https:\/\/lanibra.com\/sl\/splosni-pogoji-najema-vozila-podjetja-lanibra-d-o-o\/\" data-type=\"page\" data-id=\"848\"><strong>SPLO\u0160NI POGOJI NAJEMA VOZILA<\/strong><\/a><\/p>\n\n\n\n<p class=\"has-text-align-center\"><a href=\"https:\/\/lanibra.com\/sl\/splosna-informacija\/\" data-type=\"page\" data-id=\"1007\"><strong>SPLO\u0160NA INFORMACIJA<\/strong><\/a><\/p>\n\n\n\n<p class=\"has-text-align-center\"><a href=\"https:\/\/lanibra.com\/sl\/cenik\/\" data-type=\"page\" data-id=\"1015\"><strong>CENIK<\/strong><\/a><\/p>\n","protected":false},"excerpt":{"rendered":"<p>Kabriolet, 830 konjskih mo\u010di, pospe\u0161ek 0-100 km\/h v 2,9 sekunde. LANIBRA d.o.o.Tel.: 041646167E-po\u0161ta: info@lanibra.comwww.lanibra.comFacebook: LANIBRA d.o.o.Instagram: lanibra.carsYouTube Pri tem avtomobilu &#8230; <\/p>\n<p class=\"read-more-container\"><a title=\"FERRARI 296 GTS \u2013 ATELIER CAR\" class=\"read-more button\" href=\"https:\/\/lanibra.com\/sl\/ferrari-296-gts-atelier-car\/#more-1068\">Preberi ve\u010d<span class=\"screen-reader-text\">FERRARI 296 GTS \u2013 ATELIER CAR<\/span><\/a><\/p>\n","protected":false},"author":1,"featured_media":0,"parent":0,"menu_order":0,"comment_status":"closed","ping_status":"closed","template":"","meta":{"_generate-full-width-content":""},"_links":{"self":[{"href":"https:\/\/lanibra.com\/sl\/wp-json\/wp\/v2\/pages\/1068"}],"collection":[{"href":"https:\/\/lanibra.com\/sl\/wp-json\/wp\/v2\/pages"}],"about":[{"href":"https:\/\/lanibra.com\/sl\/wp-json\/wp\/v2\/types\/page"}],"author":[{"embeddable":true,"href":"https:\/\/lanibra.com\/sl\/wp-json\/wp\/v2\/users\/1"}],"replies":[{"embeddable":true,"href":"https:\/\/lanibra.com\/sl\/wp-json\/wp\/v2\/comments?post=1068"}],"version-history":[{"count":10,"href":"https:\/\/lanibra.com\/sl\/wp-json\/wp\/v2\/pages\/1068\/revisions"}],"predecessor-version":[{"id":1185,"href":"https:\/\/lanibra.com\/sl\/wp-json\/wp\/v2\/pages\/1068\/revisions\/1185"}],"wp:attachment":[{"href":"https:\/\/lanibra.com\/sl\/wp-json\/wp\/v2\/media?parent=1068"}],"curies":[{"name":"wp","href":"https:\/\/api.w.org\/{rel}","templated":true}]}}