{"id":1047,"date":"2026-01-25T19:38:39","date_gmt":"2026-01-25T19:38:39","guid":{"rendered":"https:\/\/lanibra.com\/?page_id=1047"},"modified":"2026-02-18T17:39:29","modified_gmt":"2026-02-18T17:39:29","slug":"ferrari-roma-spider","status":"publish","type":"page","link":"https:\/\/lanibra.com\/sl\/ferrari-roma-spider\/","title":{"rendered":"FERRARI ROMA SPIDER"},"content":{"rendered":"<h3>Kabriolet, 620 konjskih mo\u010di, pospe\u0161ek 0-100 km\/h v 3,4 sekunde.<\/h3>\n<div id='gallery-1' class='gallery galleryid-1047 gallery-columns-3 gallery-size-thumbnail'><figure class='gallery-item'>\n\t\t\t<div class='gallery-icon landscape'>\n\t\t\t\t<a href='https:\/\/lanibra.com\/wp-content\/uploads\/2026\/01\/BK-FRS-8-scaled.jpg'><img width=\"150\" height=\"150\" src=\"https:\/\/lanibra.com\/wp-content\/uploads\/2026\/01\/BK-FRS-8-150x150.jpg\" class=\"attachment-thumbnail size-thumbnail\" alt=\"\" loading=\"lazy\" \/><\/a>\n\t\t\t<\/div><\/figure><figure class='gallery-item'>\n\t\t\t<div class='gallery-icon landscape'>\n\t\t\t\t<a href='https:\/\/lanibra.com\/wp-content\/uploads\/2026\/01\/BK-FRS-7-scaled.jpg'><img width=\"150\" height=\"150\" src=\"https:\/\/lanibra.com\/wp-content\/uploads\/2026\/01\/BK-FRS-7-150x150.jpg\" class=\"attachment-thumbnail size-thumbnail\" alt=\"\" loading=\"lazy\" \/><\/a>\n\t\t\t<\/div><\/figure><figure class='gallery-item'>\n\t\t\t<div class='gallery-icon landscape'>\n\t\t\t\t<a href='https:\/\/lanibra.com\/wp-content\/uploads\/2026\/01\/BK-FRS-6-scaled.jpg'><img width=\"150\" height=\"150\" src=\"https:\/\/lanibra.com\/wp-content\/uploads\/2026\/01\/BK-FRS-6-150x150.jpg\" class=\"attachment-thumbnail size-thumbnail\" alt=\"\" loading=\"lazy\" \/><\/a>\n\t\t\t<\/div><\/figure><figure class='gallery-item'>\n\t\t\t<div class='gallery-icon landscape'>\n\t\t\t\t<a href='https:\/\/lanibra.com\/wp-content\/uploads\/2026\/01\/BK-FRS-5-scaled.jpg'><img width=\"150\" height=\"150\" src=\"https:\/\/lanibra.com\/wp-content\/uploads\/2026\/01\/BK-FRS-5-150x150.jpg\" class=\"attachment-thumbnail size-thumbnail\" alt=\"\" loading=\"lazy\" \/><\/a>\n\t\t\t<\/div><\/figure><figure class='gallery-item'>\n\t\t\t<div class='gallery-icon landscape'>\n\t\t\t\t<a href='https:\/\/lanibra.com\/wp-content\/uploads\/2026\/01\/BK-FRS-9-scaled.jpg'><img width=\"150\" height=\"150\" src=\"https:\/\/lanibra.com\/wp-content\/uploads\/2026\/01\/BK-FRS-9-150x150.jpg\" class=\"attachment-thumbnail size-thumbnail\" alt=\"\" loading=\"lazy\" \/><\/a>\n\t\t\t<\/div><\/figure><figure class='gallery-item'>\n\t\t\t<div class='gallery-icon landscape'>\n\t\t\t\t<a href='https:\/\/lanibra.com\/wp-content\/uploads\/2026\/01\/BK-FRS-4-scaled.jpg'><img width=\"150\" height=\"150\" src=\"https:\/\/lanibra.com\/wp-content\/uploads\/2026\/01\/BK-FRS-4-150x150.jpg\" class=\"attachment-thumbnail size-thumbnail\" alt=\"\" loading=\"lazy\" \/><\/a>\n\t\t\t<\/div><\/figure><figure class='gallery-item'>\n\t\t\t<div class='gallery-icon landscape'>\n\t\t\t\t<a href='https:\/\/lanibra.com\/wp-content\/uploads\/2026\/01\/BK-FRS-3-scaled.jpg'><img width=\"150\" height=\"150\" src=\"https:\/\/lanibra.com\/wp-content\/uploads\/2026\/01\/BK-FRS-3-150x150.jpg\" class=\"attachment-thumbnail size-thumbnail\" alt=\"\" loading=\"lazy\" \/><\/a>\n\t\t\t<\/div><\/figure><figure class='gallery-item'>\n\t\t\t<div class='gallery-icon landscape'>\n\t\t\t\t<a href='https:\/\/lanibra.com\/wp-content\/uploads\/2026\/01\/BK-FRS-1-scaled.jpg'><img width=\"150\" height=\"150\" src=\"https:\/\/lanibra.com\/wp-content\/uploads\/2026\/01\/BK-FRS-1-150x150.jpg\" class=\"attachment-thumbnail size-thumbnail\" alt=\"\" loading=\"lazy\" \/><\/a>\n\t\t\t<\/div><\/figure>\n\t\t<\/div>\n\n<h3>LANIBRA d.o.o.<br>Tel.: 041646167<br>E-po\u0161ta: info@lanibra.com<br>www.lanibra.com<br>Facebook: <a href=\"https:\/\/www.facebook.com\/Lanibra.International\">LANIBRA d.o.o.<\/a><br>Instagram: <a href=\"https:\/\/www.instagram.com\/lanibra.cars\/\">lanibra.cars<\/a><br><a href=\"https:\/\/youtu.be\/mcCbIVUxuwY)\">YouTube<\/a><\/h3>\n<p><\/p>\n\n\n<p>Ferrari Roma Spider &#8211; 3,855-litrski V8, 456 kW (620.600 KM), osemstopenjski menjalnik z\ndvojno sklopko, 760 Nm navora, Roma Sider pospe\u0161i do 100 km\/h v 3,4 sekunde, do 200\nkm\/h pa v 9,7 sekunde, kon\u010dna hitrost pa presega 320 km\/h. Kabriolet razli\u010dica 2+ zagotavlja\nudobno vo\u017enjo za voznika in sovoznika ter dva potnika na zadnjih sede\u017eih, ki pa ponujata\nomejeno udobje in sta primerna za vo\u017enjo na kratke razdalje. Zmogljiv kabriolet ponuja\nmo\u017enost odpiranja in zapiranja strehe med vo\u017enjo, kar traja le 13,5 sekunde. Z odprto streho\navtomobil ponuja u\u017eitek dinami\u010dne vo\u017enje z vetrom v laseh. Avto ima najnovej\u0161e varnostne\nsisteme, ki pomagajo vozniku med vo\u017enjo, in je popolnoma obvladljiv. Avtomobil ima\nvgrajen najmodernej\u0161i varnostni sistem za pomo\u010d vozniku pri vo\u017enji (ADAS).<\/p>\n\n\n\n<p><\/p>\n\n\n\n<p>Po na\u0161em vedenju je Ferrari Roma Spider, ki ga imamo v ponudbi, edini v Sloveniji.<\/p>\n\n\n\n<p class=\"has-text-align-center\"><strong>Ne spreglejte na\u0161ih drugih modelov, katere imamo v floti vozil.<\/strong><\/p>\n\n\n\n<div class=\"wp-block-columns\">\n<div class=\"wp-block-column\">\n<figure class=\"wp-block-image size-large\"><a href=\"https:\/\/lanibra.com\/sl\/ferrari-portofino\/\"><img loading=\"lazy\" width=\"1024\" height=\"683\" src=\"https:\/\/lanibra.com\/wp-content\/uploads\/2026\/01\/2-FERRARI-POROFINO-M-OBDELANA-1024x683.jpg\" alt=\"\" class=\"wp-image-1037\" srcset=\"https:\/\/lanibra.com\/wp-content\/uploads\/2026\/01\/2-FERRARI-POROFINO-M-OBDELANA-1024x683.jpg 1024w, https:\/\/lanibra.com\/wp-content\/uploads\/2026\/01\/2-FERRARI-POROFINO-M-OBDELANA-300x200.jpg 300w, https:\/\/lanibra.com\/wp-content\/uploads\/2026\/01\/2-FERRARI-POROFINO-M-OBDELANA-768x512.jpg 768w, https:\/\/lanibra.com\/wp-content\/uploads\/2026\/01\/2-FERRARI-POROFINO-M-OBDELANA-1536x1024.jpg 1536w, https:\/\/lanibra.com\/wp-content\/uploads\/2026\/01\/2-FERRARI-POROFINO-M-OBDELANA-2048x1365.jpg 2048w, https:\/\/lanibra.com\/wp-content\/uploads\/2026\/01\/2-FERRARI-POROFINO-M-OBDELANA-272x182.jpg 272w\" sizes=\"(max-width: 1024px) 100vw, 1024px\" \/><\/a><figcaption><strong>Ferrari Portofino M<\/strong><\/figcaption><\/figure>\n\n\n\n<p><\/p>\n<\/div>\n\n\n\n<div class=\"wp-block-column\">\n<figure class=\"wp-block-image size-large\"><a href=\"https:\/\/lanibra.com\/sl\/ferrari-296-gts-atelier-car\/\"><img loading=\"lazy\" width=\"1024\" height=\"683\" src=\"https:\/\/lanibra.com\/wp-content\/uploads\/2026\/01\/1-1024x683.jpg\" alt=\"\" class=\"wp-image-1069\" srcset=\"https:\/\/lanibra.com\/wp-content\/uploads\/2026\/01\/1-1024x683.jpg 1024w, https:\/\/lanibra.com\/wp-content\/uploads\/2026\/01\/1-300x200.jpg 300w, https:\/\/lanibra.com\/wp-content\/uploads\/2026\/01\/1-768x512.jpg 768w, https:\/\/lanibra.com\/wp-content\/uploads\/2026\/01\/1-1536x1024.jpg 1536w, https:\/\/lanibra.com\/wp-content\/uploads\/2026\/01\/1-2048x1365.jpg 2048w, https:\/\/lanibra.com\/wp-content\/uploads\/2026\/01\/1-272x182.jpg 272w\" sizes=\"(max-width: 1024px) 100vw, 1024px\" \/><\/a><figcaption><strong>Ferrari 296 GTS Atelier car<\/strong><\/figcaption><\/figure>\n<\/div>\n<\/div>\n\n\n\n<p class=\"has-text-align-center\"><a href=\"https:\/\/lanibra.com\/sl\/splosni-pogoji-najema-vozila-podjetja-lanibra-d-o-o\/\" data-type=\"page\" data-id=\"848\"><strong>SPLO\u0160NI POGOJI NAJEMA VOZILA<\/strong><\/a><\/p>\n\n\n\n<p class=\"has-text-align-center\"><a href=\"https:\/\/lanibra.com\/sl\/splosna-informacija\/\" data-type=\"page\" data-id=\"1007\"><strong>SPLO\u0160NA INFORMACIJA<\/strong><\/a><\/p>\n\n\n\n<p class=\"has-text-align-center\"><a href=\"https:\/\/lanibra.com\/sl\/cenik\/\" data-type=\"page\" data-id=\"1015\"><strong>CENIK<\/strong><\/a><\/p>\n","protected":false},"excerpt":{"rendered":"<p>Kabriolet, 620 konjskih mo\u010di, pospe\u0161ek 0-100 km\/h v 3,4 sekunde. LANIBRA d.o.o.Tel.: 041646167E-po\u0161ta: info@lanibra.comwww.lanibra.comFacebook: LANIBRA d.o.o.Instagram: lanibra.carsYouTube Ferrari Roma Spider &#8230; <\/p>\n<p class=\"read-more-container\"><a title=\"FERRARI ROMA SPIDER\" class=\"read-more button\" href=\"https:\/\/lanibra.com\/sl\/ferrari-roma-spider\/#more-1047\">Preberi ve\u010d<span class=\"screen-reader-text\">FERRARI ROMA SPIDER<\/span><\/a><\/p>\n","protected":false},"author":1,"featured_media":0,"parent":0,"menu_order":0,"comment_status":"closed","ping_status":"closed","template":"","meta":{"_generate-full-width-content":""},"_links":{"self":[{"href":"https:\/\/lanibra.com\/sl\/wp-json\/wp\/v2\/pages\/1047"}],"collection":[{"href":"https:\/\/lanibra.com\/sl\/wp-json\/wp\/v2\/pages"}],"about":[{"href":"https:\/\/lanibra.com\/sl\/wp-json\/wp\/v2\/types\/page"}],"author":[{"embeddable":true,"href":"https:\/\/lanibra.com\/sl\/wp-json\/wp\/v2\/users\/1"}],"replies":[{"embeddable":true,"href":"https:\/\/lanibra.com\/sl\/wp-json\/wp\/v2\/comments?post=1047"}],"version-history":[{"count":11,"href":"https:\/\/lanibra.com\/sl\/wp-json\/wp\/v2\/pages\/1047\/revisions"}],"predecessor-version":[{"id":1187,"href":"https:\/\/lanibra.com\/sl\/wp-json\/wp\/v2\/pages\/1047\/revisions\/1187"}],"wp:attachment":[{"href":"https:\/\/lanibra.com\/sl\/wp-json\/wp\/v2\/media?parent=1047"}],"curies":[{"name":"wp","href":"https:\/\/api.w.org\/{rel}","templated":true}]}}