{"id":1009,"date":"2026-01-25T17:24:46","date_gmt":"2026-01-25T17:24:46","guid":{"rendered":"https:\/\/lanibra.com\/?page_id=1009"},"modified":"2026-01-25T17:40:59","modified_gmt":"2026-01-25T17:40:59","slug":"prodaja-vozil","status":"publish","type":"page","link":"https:\/\/lanibra.com\/sl\/prodaja-vozil\/","title":{"rendered":"PRODAJA VOZIL"},"content":{"rendered":"<p>Ferrari:<br \/>\n<a href=\"https:\/\/www.ferrari.com\/en-SI\">https:\/\/www.ferrari.com\/en-SI<\/a><\/p>\n<p>Podjetje LANIBRA d.o.o., skupaj z italijanskim poslovnim partnerjem (poobla\u0161\u010deni prodajalec avtomobilov znamke Ferrari), omogo\u010da nakup novih in rabljenih avtomobilov.<\/p>\n<p>Lahko vam zagotovimo pogodbo za nakup novega Ferrarija in sicer za vse modele, ki so na razpolago oziroma so v ponudbi tovarne Ferrari. \u010ce pa \u017eelite kupiti rabljeni Ferrari, nam sporo\u010dite kateri model vas zanima in vam po\u0161ljemo ponudbo.<\/p>\n<p><strong>Kontakt:<\/strong><\/p>\n<p>Za podrobnej\u0161e informacije nas pokli\u010dite na \u0161tevilko <strong>041 646 167<\/strong> (lahko ob bilo kateri uri \/ tudi \u010dez vikend) ali pa nam zaupajte va\u0161o \u0161tevilko in vas mi pokli\u010demo.<\/p>\n","protected":false},"excerpt":{"rendered":"<p>Ferrari: https:\/\/www.ferrari.com\/en-SI Podjetje LANIBRA d.o.o., skupaj z italijanskim poslovnim partnerjem (poobla\u0161\u010deni prodajalec avtomobilov znamke Ferrari), omogo\u010da nakup novih in rabljenih &#8230; <\/p>\n<p class=\"read-more-container\"><a title=\"PRODAJA VOZIL\" class=\"read-more button\" href=\"https:\/\/lanibra.com\/sl\/prodaja-vozil\/#more-1009\">Preberi ve\u010d<span class=\"screen-reader-text\">PRODAJA VOZIL<\/span><\/a><\/p>\n","protected":false},"author":1,"featured_media":0,"parent":0,"menu_order":0,"comment_status":"closed","ping_status":"closed","template":"","meta":{"_generate-full-width-content":""},"_links":{"self":[{"href":"https:\/\/lanibra.com\/sl\/wp-json\/wp\/v2\/pages\/1009"}],"collection":[{"href":"https:\/\/lanibra.com\/sl\/wp-json\/wp\/v2\/pages"}],"about":[{"href":"https:\/\/lanibra.com\/sl\/wp-json\/wp\/v2\/types\/page"}],"author":[{"embeddable":true,"href":"https:\/\/lanibra.com\/sl\/wp-json\/wp\/v2\/users\/1"}],"replies":[{"embeddable":true,"href":"https:\/\/lanibra.com\/sl\/wp-json\/wp\/v2\/comments?post=1009"}],"version-history":[{"count":3,"href":"https:\/\/lanibra.com\/sl\/wp-json\/wp\/v2\/pages\/1009\/revisions"}],"predecessor-version":[{"id":1013,"href":"https:\/\/lanibra.com\/sl\/wp-json\/wp\/v2\/pages\/1009\/revisions\/1013"}],"wp:attachment":[{"href":"https:\/\/lanibra.com\/sl\/wp-json\/wp\/v2\/media?parent=1009"}],"curies":[{"name":"wp","href":"https:\/\/api.w.org\/{rel}","templated":true}]}}