{"id":1007,"date":"2026-01-25T17:17:15","date_gmt":"2026-01-25T17:17:15","guid":{"rendered":"https:\/\/lanibra.com\/?page_id=1007"},"modified":"2026-03-09T10:53:57","modified_gmt":"2026-03-09T10:53:57","slug":"splosna-informacija","status":"publish","type":"page","link":"https:\/\/lanibra.com\/sl\/splosna-informacija\/","title":{"rendered":"SPLO\u0160NA INFORMACIJA"},"content":{"rendered":"<h2>FERRARI \u2013 NAJEM \/ DARILNI BON<\/h2>\n<p>Naro\u010dite lahko <strong>DARILNI BON<\/strong>, oziroma se lahko dogovori najem. Pla\u010dilo se izvede preko ban\u010dnega nakazila. Kadar gre za darilni bon, je veljavnost bona 12 mesecev.<\/p>\n<div class=\"box\">\n<p><strong>Kontakt:<\/strong> Za podrobnej\u0161e informacije nas pokli\u010dite na \u0161tevilko <strong>041 646 167<\/strong> (lahko ob bilo kateri uri \/ tudi \u010dez vikend) ali pa nam zaupajte va\u0161o \u0161tevilko in vas mi pokli\u010demo.<\/p>\n<\/div>\n<p>Vo\u017enja je po lokalnih cestah na Obali (mo\u017een pa je tudi dogovor glede tega kje se opravi vo\u017enja). Vo\u017enjo je mo\u017eno dogovoriti ob bilo kateri uri, lahko zjutraj, \u010dez dan, ali pa zve\u010der. Termin je mo\u017eno dogovoriti, ve\u010d ali manj, tako med tednom, kakor tudi \u010dez vikend in tudi na dan praznika. Mi smo zelo prilagodljivi.<\/p>\n<p>Najem (darilni bon) je lahko v obliki, da je najemnik oziroma obdarovanec potnik\/sopotnik, mo\u017eno pa je tudi, da najemnik oziroma obdarovanec vozi. Torej, mo\u017eno je eno ali drugo \u2013 potnik\/sopotnik ali pa vo\u017enja.<\/p>\n<p>V kolikor je ob kori\u0161\u010denju bona na razpolago Ferrari Portofino M ali pa Ferrari Roma Spider, obstaja opcija, da sta v avtomobilu poleg najemnika oziroma obdarovanca lahko tudi najve\u010d dva sopotnika in sicer v obeh primerih, ko gre za \u2013 potnik\/sopotnik in tudi ko gre za \u2013 vo\u017enjo. Torej, poleg predstavnika podjetja, so lahko \u0161e najve\u010d tri osebe.<\/p>\n<p>V primeru, da ob kori\u0161\u010denju darilnega bona ni na razpolago zgoraj navedenih avtomobilov, se koristi Ferrari 296 GTS, ki je vi\u0161jega cenovnega razreda, in bistveno bolj zmogljiv in ekskluziven. Navedeni Ferrari je dvosede\u017enik in sta lahko v njemu samo dve osebi, voznik in sovoznik\/potnik.<\/p>\n<p>Lahko se odlo\u010dite za darilni bon (ali neposredni najem) po \u017eelji. Najkraj\u0161i \u010dasovni termin je 10 min, lahko pa seveda 20 min, 30 min, 1 ura in po dogovoru tudi ve\u010d. Mo\u017ene so tudi razli\u010dne kombinacije (npr. 10 min \u2013 potnik in 30 min \u2013 vo\u017enja (voznik), ali pa 10 min \u2013 potnik in 10 min \u2013 vo\u017enja (voznik), \u2026). Najve\u010dkrat se ljudje odlo\u010dijo za \u010dasovni termin 30 min in 1 ura.<\/p>\n<p>Mo\u017eno je tudi dogovoriti, da mi z na\u0161imi profesionalnimi kamerami naredimo kraj\u0161i video posnetek (pla\u010dilo je 30 EUR).<\/p>\n<h2>Pla\u010dilo (nakazilo)<\/h2>\n<p><a href=\"https:\/\/lanibra.com\/sl\/cenik\/\">Cenik<\/a><\/p>\n<p>\u010ce se odlo\u010dite za NAJEM, oziroma DARILNI BON, naredite nakazilo na:<\/p>\n<ul>\n<li><strong>TRR:<\/strong> SI56 1010 0005 6179 582<\/li>\n<li><strong>Banka:<\/strong> Banka Intesa Sanpaolo d.d.<\/li>\n<li><strong>SWIFT\/BIC:<\/strong> BAKOSI2X<\/li>\n<li><strong>Lastnik ra\u010duna:<\/strong> LANIBRA d.o.o.<\/li>\n<li><strong>Naslov:<\/strong> Prade-cesta XII, 1, 6000 Koper<\/li>\n<\/ul>\n<p><strong>Pri pla\u010dilu navedite:<\/strong><\/p>\n<ul>\n<li>\u010ce gre za najem: <strong>Najemnik \u2013 (ime in priimek najemnika)<\/strong><\/li>\n<li>\u010ce gre za darilni bon: <strong>Darilni bon \u2013 (ime in priimek obdarovanca)<\/strong><\/li>\n<\/ul>\n<p>Takoj ko je nakazilo narejeno nam po\u0161ljite kopijo potrdila, oziroma nam telefonsko sporo\u010dite. Seveda se lahko predhodno tudi sli\u0161imo po telefonu.<\/p>\n<h2>Po pla\u010dilu<\/h2>\n<p>Ko je pla\u010dilo izvedeno, vam v najkraj\u0161em mo\u017enem \u010dasu po\u0161ljemo darilni bon v elektronski obliki po elektronski po\u0161ti (e-mail).<\/p>\n<p>Po izvedenem pla\u010dilu po\u0161ljemo po elektronski po\u0161ti \u2013 Ra\u010dun za predpla\u010dilo iz katerega bo izhajalo, da je pla\u010dilo izvedeno. V kolikor ne gre za darilni bon temve\u010d za najem, po\u0161ljemo potrditev po prejemu pla\u010dila.<\/p>\n<h2>Modeli vozil<\/h2>\n<p>V kolikor ni posebej dogovorjeno se najem, oziroma darilni bon, nana\u0161a na Ferrari Portofino M ali Ferrari Roma Spider \/ primerljiva avtomobila \u2013 zavisi kateri avtomobil je na razpolago na dan dogovorjenega termina.<\/p>\n<p>Obstaja pa tudi opcija Ferrari 296 GTS (vi\u0161jega cenovnega razreda in bolj zmogljiv kot navedena modela).<\/p>\n<p>V kolikor ob kori\u0161\u010denju darilnega bona ne bi bil na razpolago nobeden od navedenih modelov, bi bil zagotovljen primerljiv model avtomobila Ferrari.<\/p>\n<h2>YouTube<\/h2>\n<p>Na YouTube si lahko ogledate nekaj zanimivih video posnetkov (BRANKO KRZNARIC) na naslednji povezavi:<br \/>\n<a href=\"https:\/\/www.youtube.com\/@brankokrznaric7043\">https:\/\/www.youtube.com\/@brankokrznaric7043<\/a>.<br \/>\nVsi video posnetki so sicer v angle\u0161\u010dini.<\/p>\n<h2>NARO\u010cENI FERRARIJI<\/h2>\n<p>V Tovarni Ferrari imamo naro\u010dene trenutno naslednje modele (ko bodo dobavljeni bodo v na\u0161i ponudbi):<\/p>\n<ul>\n<li><a href=\"https:\/\/www.ferrari.com\/en-EN\/auto\/849-testarossa-spider\">Ferrari 849 Testarossa Spider Assetto Fiorano<\/a> (kabriolet, 1.050 konjskih mo\u010di, pospe\u0161ek 0-100 km\/h v 2,3 sekunde)<\/li>\n<li><a href=\"https:\/\/www.ferrari.com\/en-EN\/auto\/ferrari-amalfi\">Ferrari Amalfi<\/a> (640 konjskih mo\u010di, pospe\u0161ek 0-100 km\/h v 3,3 sekunde)<\/li>\n<\/ul>\n","protected":false},"excerpt":{"rendered":"<p>FERRARI \u2013 NAJEM \/ DARILNI BON Naro\u010dite lahko DARILNI BON, oziroma se lahko dogovori najem. Pla\u010dilo se izvede preko ban\u010dnega &#8230; <\/p>\n<p class=\"read-more-container\"><a title=\"SPLO\u0160NA INFORMACIJA\" class=\"read-more button\" href=\"https:\/\/lanibra.com\/sl\/splosna-informacija\/#more-1007\">Preberi ve\u010d<span class=\"screen-reader-text\">SPLO\u0160NA INFORMACIJA<\/span><\/a><\/p>\n","protected":false},"author":1,"featured_media":0,"parent":0,"menu_order":0,"comment_status":"closed","ping_status":"closed","template":"","meta":{"_generate-full-width-content":""},"_links":{"self":[{"href":"https:\/\/lanibra.com\/sl\/wp-json\/wp\/v2\/pages\/1007"}],"collection":[{"href":"https:\/\/lanibra.com\/sl\/wp-json\/wp\/v2\/pages"}],"about":[{"href":"https:\/\/lanibra.com\/sl\/wp-json\/wp\/v2\/types\/page"}],"author":[{"embeddable":true,"href":"https:\/\/lanibra.com\/sl\/wp-json\/wp\/v2\/users\/1"}],"replies":[{"embeddable":true,"href":"https:\/\/lanibra.com\/sl\/wp-json\/wp\/v2\/comments?post=1007"}],"version-history":[{"count":3,"href":"https:\/\/lanibra.com\/sl\/wp-json\/wp\/v2\/pages\/1007\/revisions"}],"predecessor-version":[{"id":1217,"href":"https:\/\/lanibra.com\/sl\/wp-json\/wp\/v2\/pages\/1007\/revisions\/1217"}],"wp:attachment":[{"href":"https:\/\/lanibra.com\/sl\/wp-json\/wp\/v2\/media?parent=1007"}],"curies":[{"name":"wp","href":"https:\/\/api.w.org\/{rel}","templated":true}]}}